{"id":83,"date":"2019-07-19T15:05:05","date_gmt":"2019-07-19T13:05:05","guid":{"rendered":"http:\/\/decapage-sablage-aerogommage-poutre-meuble-27-75-76-78.com\/?page_id=83"},"modified":"2021-03-29T11:23:30","modified_gmt":"2021-03-29T09:23:30","slug":"contact","status":"publish","type":"page","link":"https:\/\/decapage-sablage-aerogommage-poutre-meuble-27-75-76-78.com\/index.php\/contact\/","title":{"rendered":"Contact"},"content":{"rendered":"\t\t<div data-elementor-type=\"wp-page\" data-elementor-id=\"83\" class=\"elementor elementor-83\">\n\t\t\t\t\t\t<section class=\"elementor-section elementor-top-section elementor-element elementor-element-3114fa16 elementor-section-stretched elementor-section-boxed elementor-section-height-default elementor-section-height-default\" data-id=\"3114fa16\" data-element_type=\"section\" data-settings=\"{&quot;stretch_section&quot;:&quot;section-stretched&quot;,&quot;background_background&quot;:&quot;classic&quot;}\">\n\t\t\t\t\t\t<div class=\"elementor-container elementor-column-gap-default\">\n\t\t\t\t\t<div class=\"elementor-column elementor-col-100 elementor-top-column elementor-element elementor-element-7c766164\" data-id=\"7c766164\" data-element_type=\"column\">\n\t\t\t<div class=\"elementor-widget-wrap\">\n\t\t\t\t\t\t\t<\/div>\n\t\t<\/div>\n\t\t\t\t\t<\/div>\n\t\t<\/section>\n\t\t\t\t<section class=\"elementor-section elementor-top-section elementor-element elementor-element-8c9f35d elementor-section-boxed elementor-section-height-default elementor-section-height-default\" data-id=\"8c9f35d\" data-element_type=\"section\" data-settings=\"{&quot;background_background&quot;:&quot;classic&quot;}\">\n\t\t\t\t\t\t<div class=\"elementor-container elementor-column-gap-default\">\n\t\t\t\t\t<div class=\"elementor-column elementor-col-100 elementor-top-column elementor-element elementor-element-616ab4f\" data-id=\"616ab4f\" data-element_type=\"column\" data-settings=\"{&quot;background_background&quot;:&quot;classic&quot;}\">\n\t\t\t<div class=\"elementor-widget-wrap elementor-element-populated\">\n\t\t\t\t\t\t<div class=\"elementor-element elementor-element-7483a93 elementor-widget elementor-widget-shortcode\" data-id=\"7483a93\" data-element_type=\"widget\" data-widget_type=\"shortcode.default\">\n\t\t\t\t<div class=\"elementor-widget-container\">\n\t\t\t\t\t\t\t<div class=\"elementor-shortcode\"><div class=\"forminator-ui forminator-custom-form forminator-custom-form-1750 forminator-design--default  forminator_ajax\" data-forminator-render=\"0\" data-form=\"forminator-module-1750\" data-uid=\"69e9f686a530d\"><br\/><\/div><form\n\t\t\t\tid=\"forminator-module-1750\"\n\t\t\t\tclass=\"forminator-ui forminator-custom-form forminator-custom-form-1750 forminator-design--default  forminator_ajax\"\n\t\t\t\tmethod=\"post\"\n\t\t\t\tdata-forminator-render=\"0\"\n\t\t\t\tdata-form-id=\"1750\"\n\t\t\t\t\n\t\t\t\tdata-design=\"default\"\n\t\t\t\t\n\t\t\t\t\n\t\t\t\t\n\t\t\t\tdata-grid=\"open\"\n\t\t\t\tenctype=\"multipart\/form-data\"\n\t\t\t\t\n\t\t\t\tstyle=\"display: none;\"\n\t\t\t\t\n\t\t\t\tdata-uid=\"69e9f686a530d\"\n\t\t\t><div role=\"alert\" aria-live=\"polite\" class=\"forminator-response-message forminator-error\" aria-hidden=\"true\"><\/div><div class=\"forminator-row\"><div id=\"name-1\" class=\"forminator-field-name forminator-col forminator-col-12 \"><div class=\"forminator-field\"><label for=\"forminator-field-name-1_69e9f686a530d\" id=\"forminator-field-name-1_69e9f686a530d-label\" class=\"forminator-label\">Nom et Pr\u00e9nom <span class=\"forminator-required\">*<\/span><\/label><input type=\"text\" name=\"name-1\" value=\"\" placeholder=\"Par exemple\u00a0: Jacques Martin\" id=\"forminator-field-name-1_69e9f686a530d\" class=\"forminator-input forminator-name--field\" aria-required=\"true\" \/><\/div><\/div><\/div><div class=\"forminator-row\"><div id=\"email-1\" class=\"forminator-field-email forminator-col forminator-col-12 \"><div class=\"forminator-field\"><label for=\"forminator-field-email-1_69e9f686a530d\" id=\"forminator-field-email-1_69e9f686a530d-label\" class=\"forminator-label\">Adresse de messagerie <span class=\"forminator-required\">*<\/span><\/label><input type=\"email\" name=\"email-1\" value=\"\" placeholder=\"Par exemple\u00a0: jacques@martin.com\" id=\"forminator-field-email-1_69e9f686a530d\" class=\"forminator-input forminator-email--field\" data-required=\"true\" aria-required=\"true\" \/><\/div><\/div><\/div><div class=\"forminator-row\"><div id=\"phone-1\" class=\"forminator-field-phone forminator-col forminator-col-12 \"><div class=\"forminator-field\"><label for=\"forminator-field-phone-1_69e9f686a530d\" id=\"forminator-field-phone-1_69e9f686a530d-label\" class=\"forminator-label\">Num\u00e9ro de t\u00e9l\u00e9phone<\/label><input type=\"text\" name=\"phone-1\" value=\"\" placeholder=\"Par exemple\u00a0: +1 02 03 04 05\" id=\"forminator-field-phone-1_69e9f686a530d\" class=\"forminator-input forminator-field--phone\" data-required=\"\" aria-required=\"false\" autocomplete=\"off\" \/><\/div><\/div><\/div><div class=\"forminator-row\"><div id=\"textarea-1\" class=\"forminator-field-textarea forminator-col forminator-col-12 \"><div class=\"forminator-field\"><label for=\"forminator-field-textarea-1_69e9f686a530d\" id=\"forminator-field-textarea-1_69e9f686a530d-label\" class=\"forminator-label\">Message<\/label><textarea name=\"textarea-1\" placeholder=\"Saisissez votre message\u2026\" id=\"forminator-field-textarea-1_69e9f686a530d\" class=\"forminator-textarea\" rows=\"6\" style=\"min-height:140px;\" ><\/textarea><\/div><\/div><\/div><div class=\"forminator-row\"><div id=\"upload-1\" class=\"forminator-field-upload forminator-col forminator-col-12 \"><div class=\"forminator-field\"><label for=\"forminator-field-upload-1_69e9f686a530d\" id=\"forminator-field-upload-1_69e9f686a530d-label\" class=\"forminator-label\">T\u00e9l\u00e9verser un fichier<\/label><div class=\"forminator-multi-upload \" data-element=\"upload-1_69e9f686a530d\"><input type=\"file\" name=\"upload-1[]\" id=\"forminator-field-upload-1_69e9f686a530d\" class=\"forminator-input-file forminator-field-upload-1_69e9f686a530d-1750\" multiple=\"multiple\" data-method=\"ajax\" data-size=\"8000000\" data-size-message=\"Maximum file size allowed is 8 MB. \"><div class=\"forminator-multi-upload-message\" aria-hidden=\"true\"><span class=\"forminator-icon-upload\" aria-hidden=\"true\"><\/span><p>Glissez et d\u00e9posez (ou) <a class=\"forminator-upload-file--forminator-field-upload-1_69e9f686a530d\" href=\"#\" onclick=\"return false;\">Choisissez des fichiers<\/a><\/p><\/div><\/div><ul class=\"forminator-uploaded-files upload-container-upload-1_69e9f686a530d\"><\/ul><\/div><\/div><\/div><div class=\"forminator-row\"><div id=\"captcha-1\" class=\"forminator-field-captcha forminator-col forminator-col-12 \"><div class=\"forminator-captcha-left forminator-g-recaptcha\" data-theme=\"light\"  data-sitekey=\"6Lfc6JMaAAAAAMuLsdjHKyliQAql3EKgMYa9uKm1\" data-size=\"normal\"><\/div> <\/div><\/div><input type=\"hidden\" name=\"referer_url\" value=\"\" \/><div class=\"forminator-row forminator-row-last\"><div class=\"forminator-col\"><div class=\"forminator-field\"><button class=\"forminator-button forminator-button-submit\">Envoyer le message<\/button><\/div><\/div><\/div><input type=\"hidden\" id=\"forminator_nonce\" name=\"forminator_nonce\" value=\"d971c1de9a\" \/><input type=\"hidden\" name=\"_wp_http_referer\" value=\"\/index.php\/wp-json\/wp\/v2\/pages\/83\" \/><input type=\"hidden\" name=\"form_id\" value=\"1750\"><input type=\"hidden\" name=\"page_id\" value=\"83\"><input type=\"hidden\" name=\"form_type\" value=\"default\"><input type=\"hidden\" name=\"current_url\" value=\"https:\/\/decapage-sablage-aerogommage-poutre-meuble-27-75-76-78.com\/index.php\/contact\/\"><input type=\"hidden\" name=\"render_id\" value=\"0\"><input type=\"hidden\" name=\"forminator-multifile-hidden\" class=\"forminator-multifile-hidden\"><input type=\"hidden\" name=\"action\" value=\"forminator_submit_form_custom-forms\"><label for=\"input_6\" class=\"forminator-hidden\" aria-hidden=\"true\">Veuillez ne pas remplir ce champ. <input id=\"input_6\" type=\"text\" name=\"input_6\" value=\"\" autocomplete=\"off\"><\/label><\/form><\/div>\n\t\t\t\t\t\t<\/div>\n\t\t\t\t<\/div>\n\t\t\t\t\t<\/div>\n\t\t<\/div>\n\t\t\t\t\t<\/div>\n\t\t<\/section>\n\t\t\t\t<section class=\"elementor-section elementor-top-section elementor-element elementor-element-44d48d36 elementor-section-boxed elementor-section-height-default elementor-section-height-default\" data-id=\"44d48d36\" data-element_type=\"section\" data-settings=\"{&quot;background_background&quot;:&quot;classic&quot;}\">\n\t\t\t\t\t\t<div class=\"elementor-container elementor-column-gap-default\">\n\t\t\t\t\t<div class=\"elementor-column elementor-col-33 elementor-top-column elementor-element elementor-element-335b93f\" data-id=\"335b93f\" data-element_type=\"column\">\n\t\t\t<div class=\"elementor-widget-wrap elementor-element-populated\">\n\t\t\t\t\t\t<div class=\"elementor-element elementor-element-4fcd380f elementor-widget elementor-widget-text-editor\" data-id=\"4fcd380f\" data-element_type=\"widget\" data-widget_type=\"text-editor.default\">\n\t\t\t\t<div class=\"elementor-widget-container\">\n\t\t\t\t\t\t\t\t\t<p><a href=\"http:\/\/decapage-sablage-aerogommage-poutre-meuble-27-75-76-78.com\/\">Accueil<\/a><br \/>presentation<br \/>prestation<\/p>\t\t\t\t\t\t\t\t<\/div>\n\t\t\t\t<\/div>\n\t\t\t\t\t<\/div>\n\t\t<\/div>\n\t\t\t\t<div class=\"elementor-column elementor-col-33 elementor-top-column elementor-element elementor-element-27e265d3\" data-id=\"27e265d3\" data-element_type=\"column\">\n\t\t\t<div class=\"elementor-widget-wrap elementor-element-populated\">\n\t\t\t\t\t\t<div class=\"elementor-element elementor-element-6c8c44ca elementor-widget elementor-widget-text-editor\" data-id=\"6c8c44ca\" data-element_type=\"widget\" data-widget_type=\"text-editor.default\">\n\t\t\t\t<div class=\"elementor-widget-container\">\n\t\t\t\t\t\t\t\t\t<p><a href=\"http:\/\/decapage-sablage-aerogommage-poutre-meuble-27-75-76-78.com\/index.php\/nos-realisations\/\">nos r\u00e9alisations<\/a><br \/><a href=\"http:\/\/decapage-sablage-aerogommage-poutre-meuble-27-75-76-78.com\/index.php\/contact\/\">contact<\/a><br \/><a href=\"http:\/\/decapage-sablage-aerogommage-poutre-meuble-27-75-76-78.com\/index.php\/mentions-legales\/\">mentions l\u00e9gales<\/a><\/p>\t\t\t\t\t\t\t\t<\/div>\n\t\t\t\t<\/div>\n\t\t\t\t\t<\/div>\n\t\t<\/div>\n\t\t\t\t<div class=\"elementor-column elementor-col-33 elementor-top-column elementor-element elementor-element-33d8a2f\" data-id=\"33d8a2f\" data-element_type=\"column\">\n\t\t\t<div class=\"elementor-widget-wrap elementor-element-populated\">\n\t\t\t\t\t\t<div class=\"elementor-element elementor-element-21f0f316 elementor-widget elementor-widget-text-editor\" data-id=\"21f0f316\" data-element_type=\"widget\" data-widget_type=\"text-editor.default\">\n\t\t\t\t<div class=\"elementor-widget-container\">\n\t\t\t\t\t\t\t\t\t<p><a href=\"http:\/\/decapage-sablage-aerogommage-poutre-meuble-27-75-76-78.com\/index.php\/articles\/\">galerie poutres<\/a><br \/><a href=\"http:\/\/decapage-sablage-aerogommage-poutre-meuble-27-75-76-78.com\/index.php\/galerie-meubles\/\">galerie meubles<\/a><br \/>galerie fa\u00e7ade<\/p>\t\t\t\t\t\t\t\t<\/div>\n\t\t\t\t<\/div>\n\t\t\t\t\t<\/div>\n\t\t<\/div>\n\t\t\t\t\t<\/div>\n\t\t<\/section>\n\t\t\t\t<\/div>\n\t\t","protected":false},"excerpt":{"rendered":"<p>Accueilpresentationprestation nos r\u00e9alisationscontactmentions l\u00e9gales galerie poutresgalerie meublesgalerie fa\u00e7ade<\/p>\n","protected":false},"author":1,"featured_media":0,"parent":0,"menu_order":0,"comment_status":"closed","ping_status":"closed","template":"elementor_header_footer","meta":{"_monsterinsights_skip_tracking":false,"_monsterinsights_sitenote_active":false,"_monsterinsights_sitenote_note":"","_monsterinsights_sitenote_category":0,"ocean_post_layout":"","ocean_both_sidebars_style":"","ocean_both_sidebars_content_width":0,"ocean_both_sidebars_sidebars_width":0,"ocean_sidebar":"0","ocean_second_sidebar":"0","ocean_disable_margins":"enable","ocean_add_body_class":"","ocean_shortcode_before_top_bar":"","ocean_shortcode_after_top_bar":"","ocean_shortcode_before_header":"","ocean_shortcode_after_header":"","ocean_has_shortcode":"","ocean_shortcode_after_title":"","ocean_shortcode_before_footer_widgets":"","ocean_shortcode_after_footer_widgets":"","ocean_shortcode_before_footer_bottom":"","ocean_shortcode_after_footer_bottom":"","ocean_display_top_bar":"default","ocean_display_header":"default","ocean_header_style":"","ocean_center_header_left_menu":"0","ocean_custom_header_template":"0","ocean_custom_logo":0,"ocean_custom_retina_logo":0,"ocean_custom_logo_max_width":0,"ocean_custom_logo_tablet_max_width":0,"ocean_custom_logo_mobile_max_width":0,"ocean_custom_logo_max_height":0,"ocean_custom_logo_tablet_max_height":0,"ocean_custom_logo_mobile_max_height":0,"ocean_header_custom_menu":"0","ocean_menu_typo_font_family":"0","ocean_menu_typo_font_subset":"","ocean_menu_typo_font_size":0,"ocean_menu_typo_font_size_tablet":0,"ocean_menu_typo_font_size_mobile":0,"ocean_menu_typo_font_size_unit":"px","ocean_menu_typo_font_weight":"","ocean_menu_typo_font_weight_tablet":"","ocean_menu_typo_font_weight_mobile":"","ocean_menu_typo_transform":"","ocean_menu_typo_transform_tablet":"","ocean_menu_typo_transform_mobile":"","ocean_menu_typo_line_height":0,"ocean_menu_typo_line_height_tablet":0,"ocean_menu_typo_line_height_mobile":0,"ocean_menu_typo_line_height_unit":"","ocean_menu_typo_spacing":0,"ocean_menu_typo_spacing_tablet":0,"ocean_menu_typo_spacing_mobile":0,"ocean_menu_typo_spacing_unit":"","ocean_menu_link_color":"","ocean_menu_link_color_hover":"","ocean_menu_link_color_active":"","ocean_menu_link_background":"","ocean_menu_link_hover_background":"","ocean_menu_link_active_background":"","ocean_menu_social_links_bg":"","ocean_menu_social_hover_links_bg":"","ocean_menu_social_links_color":"","ocean_menu_social_hover_links_color":"","ocean_disable_title":"on","ocean_disable_heading":"default","ocean_post_title":"","ocean_post_subheading":"","ocean_post_title_style":"","ocean_post_title_background_color":"","ocean_post_title_background":0,"ocean_post_title_bg_image_position":"","ocean_post_title_bg_image_attachment":"","ocean_post_title_bg_image_repeat":"","ocean_post_title_bg_image_size":"","ocean_post_title_height":0,"ocean_post_title_bg_overlay":0.5,"ocean_post_title_bg_overlay_color":"","ocean_disable_breadcrumbs":"off","ocean_breadcrumbs_color":"","ocean_breadcrumbs_separator_color":"","ocean_breadcrumbs_links_color":"","ocean_breadcrumbs_links_hover_color":"","ocean_display_footer_widgets":"off","ocean_display_footer_bottom":"off","ocean_custom_footer_template":"0","footnotes":""},"class_list":["post-83","page","type-page","status-publish","hentry","entry"],"yoast_head":"<!-- This site is optimized with the Yoast SEO plugin v24.5 - https:\/\/yoast.com\/wordpress\/plugins\/seo\/ -->\n<title>Contact - decagom<\/title>\n<meta name=\"robots\" content=\"index, follow, max-snippet:-1, max-image-preview:large, max-video-preview:-1\" \/>\n<link rel=\"canonical\" href=\"https:\/\/decapage-sablage-aerogommage-poutre-meuble-27-75-76-78.com\/index.php\/contact\/\" \/>\n<meta property=\"og:locale\" content=\"fr_FR\" \/>\n<meta property=\"og:type\" content=\"article\" \/>\n<meta property=\"og:title\" content=\"Contact - decagom\" \/>\n<meta property=\"og:description\" content=\"Accueilpresentationprestation nos r\u00e9alisationscontactmentions l\u00e9gales galerie poutresgalerie meublesgalerie fa\u00e7ade\" \/>\n<meta property=\"og:url\" content=\"https:\/\/decapage-sablage-aerogommage-poutre-meuble-27-75-76-78.com\/index.php\/contact\/\" \/>\n<meta property=\"og:site_name\" content=\"decagom\" \/>\n<meta property=\"article:publisher\" content=\"https:\/\/www.facebook.com\/decapageaerogommagesablage27\/\" \/>\n<meta property=\"article:modified_time\" content=\"2021-03-29T09:23:30+00:00\" \/>\n<meta name=\"twitter:card\" content=\"summary_large_image\" \/>\n<meta name=\"twitter:label1\" content=\"Dur\u00e9e de lecture estim\u00e9e\" \/>\n\t<meta name=\"twitter:data1\" content=\"8 minutes\" \/>\n<script type=\"application\/ld+json\" class=\"yoast-schema-graph\">{\"@context\":\"https:\/\/schema.org\",\"@graph\":[{\"@type\":\"WebPage\",\"@id\":\"https:\/\/decapage-sablage-aerogommage-poutre-meuble-27-75-76-78.com\/index.php\/contact\/\",\"url\":\"https:\/\/decapage-sablage-aerogommage-poutre-meuble-27-75-76-78.com\/index.php\/contact\/\",\"name\":\"Contact - decagom\",\"isPartOf\":{\"@id\":\"https:\/\/decapage-sablage-aerogommage-poutre-meuble-27-75-76-78.com\/#website\"},\"datePublished\":\"2019-07-19T13:05:05+00:00\",\"dateModified\":\"2021-03-29T09:23:30+00:00\",\"breadcrumb\":{\"@id\":\"https:\/\/decapage-sablage-aerogommage-poutre-meuble-27-75-76-78.com\/index.php\/contact\/#breadcrumb\"},\"inLanguage\":\"fr-FR\",\"potentialAction\":[{\"@type\":\"ReadAction\",\"target\":[\"https:\/\/decapage-sablage-aerogommage-poutre-meuble-27-75-76-78.com\/index.php\/contact\/\"]}]},{\"@type\":\"BreadcrumbList\",\"@id\":\"https:\/\/decapage-sablage-aerogommage-poutre-meuble-27-75-76-78.com\/index.php\/contact\/#breadcrumb\",\"itemListElement\":[{\"@type\":\"ListItem\",\"position\":1,\"name\":\"Accueil\",\"item\":\"https:\/\/decapage-sablage-aerogommage-poutre-meuble-27-75-76-78.com\/\"},{\"@type\":\"ListItem\",\"position\":2,\"name\":\"Contact\"}]},{\"@type\":\"WebSite\",\"@id\":\"https:\/\/decapage-sablage-aerogommage-poutre-meuble-27-75-76-78.com\/#website\",\"url\":\"https:\/\/decapage-sablage-aerogommage-poutre-meuble-27-75-76-78.com\/\",\"name\":\"decagom\",\"description\":\"decapage de poutre par aerogommage\",\"publisher\":{\"@id\":\"https:\/\/decapage-sablage-aerogommage-poutre-meuble-27-75-76-78.com\/#organization\"},\"potentialAction\":[{\"@type\":\"SearchAction\",\"target\":{\"@type\":\"EntryPoint\",\"urlTemplate\":\"https:\/\/decapage-sablage-aerogommage-poutre-meuble-27-75-76-78.com\/?s={search_term_string}\"},\"query-input\":{\"@type\":\"PropertyValueSpecification\",\"valueRequired\":true,\"valueName\":\"search_term_string\"}}],\"inLanguage\":\"fr-FR\"},{\"@type\":\"Organization\",\"@id\":\"https:\/\/decapage-sablage-aerogommage-poutre-meuble-27-75-76-78.com\/#organization\",\"name\":\"alain pangrazzi\",\"url\":\"https:\/\/decapage-sablage-aerogommage-poutre-meuble-27-75-76-78.com\/\",\"logo\":{\"@type\":\"ImageObject\",\"inLanguage\":\"fr-FR\",\"@id\":\"https:\/\/decapage-sablage-aerogommage-poutre-meuble-27-75-76-78.com\/#\/schema\/logo\/image\/\",\"url\":\"https:\/\/decapage-sablage-aerogommage-poutre-meuble-27-75-76-78.com\/wp-content\/uploads\/2019\/07\/decapage-de-poutres-aerogommage.jpg\",\"contentUrl\":\"https:\/\/decapage-sablage-aerogommage-poutre-meuble-27-75-76-78.com\/wp-content\/uploads\/2019\/07\/decapage-de-poutres-aerogommage.jpg\",\"width\":1024,\"height\":768,\"caption\":\"alain pangrazzi\"},\"image\":{\"@id\":\"https:\/\/decapage-sablage-aerogommage-poutre-meuble-27-75-76-78.com\/#\/schema\/logo\/image\/\"},\"sameAs\":[\"https:\/\/www.facebook.com\/decapageaerogommagesablage27\/\"]}]}<\/script>\n<!-- \/ Yoast SEO plugin. -->","yoast_head_json":{"title":"Contact - decagom","robots":{"index":"index","follow":"follow","max-snippet":"max-snippet:-1","max-image-preview":"max-image-preview:large","max-video-preview":"max-video-preview:-1"},"canonical":"https:\/\/decapage-sablage-aerogommage-poutre-meuble-27-75-76-78.com\/index.php\/contact\/","og_locale":"fr_FR","og_type":"article","og_title":"Contact - decagom","og_description":"Accueilpresentationprestation nos r\u00e9alisationscontactmentions l\u00e9gales galerie poutresgalerie meublesgalerie fa\u00e7ade","og_url":"https:\/\/decapage-sablage-aerogommage-poutre-meuble-27-75-76-78.com\/index.php\/contact\/","og_site_name":"decagom","article_publisher":"https:\/\/www.facebook.com\/decapageaerogommagesablage27\/","article_modified_time":"2021-03-29T09:23:30+00:00","twitter_card":"summary_large_image","twitter_misc":{"Dur\u00e9e de lecture estim\u00e9e":"8 minutes"},"schema":{"@context":"https:\/\/schema.org","@graph":[{"@type":"WebPage","@id":"https:\/\/decapage-sablage-aerogommage-poutre-meuble-27-75-76-78.com\/index.php\/contact\/","url":"https:\/\/decapage-sablage-aerogommage-poutre-meuble-27-75-76-78.com\/index.php\/contact\/","name":"Contact - decagom","isPartOf":{"@id":"https:\/\/decapage-sablage-aerogommage-poutre-meuble-27-75-76-78.com\/#website"},"datePublished":"2019-07-19T13:05:05+00:00","dateModified":"2021-03-29T09:23:30+00:00","breadcrumb":{"@id":"https:\/\/decapage-sablage-aerogommage-poutre-meuble-27-75-76-78.com\/index.php\/contact\/#breadcrumb"},"inLanguage":"fr-FR","potentialAction":[{"@type":"ReadAction","target":["https:\/\/decapage-sablage-aerogommage-poutre-meuble-27-75-76-78.com\/index.php\/contact\/"]}]},{"@type":"BreadcrumbList","@id":"https:\/\/decapage-sablage-aerogommage-poutre-meuble-27-75-76-78.com\/index.php\/contact\/#breadcrumb","itemListElement":[{"@type":"ListItem","position":1,"name":"Accueil","item":"https:\/\/decapage-sablage-aerogommage-poutre-meuble-27-75-76-78.com\/"},{"@type":"ListItem","position":2,"name":"Contact"}]},{"@type":"WebSite","@id":"https:\/\/decapage-sablage-aerogommage-poutre-meuble-27-75-76-78.com\/#website","url":"https:\/\/decapage-sablage-aerogommage-poutre-meuble-27-75-76-78.com\/","name":"decagom","description":"decapage de poutre par aerogommage","publisher":{"@id":"https:\/\/decapage-sablage-aerogommage-poutre-meuble-27-75-76-78.com\/#organization"},"potentialAction":[{"@type":"SearchAction","target":{"@type":"EntryPoint","urlTemplate":"https:\/\/decapage-sablage-aerogommage-poutre-meuble-27-75-76-78.com\/?s={search_term_string}"},"query-input":{"@type":"PropertyValueSpecification","valueRequired":true,"valueName":"search_term_string"}}],"inLanguage":"fr-FR"},{"@type":"Organization","@id":"https:\/\/decapage-sablage-aerogommage-poutre-meuble-27-75-76-78.com\/#organization","name":"alain pangrazzi","url":"https:\/\/decapage-sablage-aerogommage-poutre-meuble-27-75-76-78.com\/","logo":{"@type":"ImageObject","inLanguage":"fr-FR","@id":"https:\/\/decapage-sablage-aerogommage-poutre-meuble-27-75-76-78.com\/#\/schema\/logo\/image\/","url":"https:\/\/decapage-sablage-aerogommage-poutre-meuble-27-75-76-78.com\/wp-content\/uploads\/2019\/07\/decapage-de-poutres-aerogommage.jpg","contentUrl":"https:\/\/decapage-sablage-aerogommage-poutre-meuble-27-75-76-78.com\/wp-content\/uploads\/2019\/07\/decapage-de-poutres-aerogommage.jpg","width":1024,"height":768,"caption":"alain pangrazzi"},"image":{"@id":"https:\/\/decapage-sablage-aerogommage-poutre-meuble-27-75-76-78.com\/#\/schema\/logo\/image\/"},"sameAs":["https:\/\/www.facebook.com\/decapageaerogommagesablage27\/"]}]}},"_links":{"self":[{"href":"https:\/\/decapage-sablage-aerogommage-poutre-meuble-27-75-76-78.com\/index.php\/wp-json\/wp\/v2\/pages\/83","targetHints":{"allow":["GET"]}}],"collection":[{"href":"https:\/\/decapage-sablage-aerogommage-poutre-meuble-27-75-76-78.com\/index.php\/wp-json\/wp\/v2\/pages"}],"about":[{"href":"https:\/\/decapage-sablage-aerogommage-poutre-meuble-27-75-76-78.com\/index.php\/wp-json\/wp\/v2\/types\/page"}],"author":[{"embeddable":true,"href":"https:\/\/decapage-sablage-aerogommage-poutre-meuble-27-75-76-78.com\/index.php\/wp-json\/wp\/v2\/users\/1"}],"replies":[{"embeddable":true,"href":"https:\/\/decapage-sablage-aerogommage-poutre-meuble-27-75-76-78.com\/index.php\/wp-json\/wp\/v2\/comments?post=83"}],"version-history":[{"count":78,"href":"https:\/\/decapage-sablage-aerogommage-poutre-meuble-27-75-76-78.com\/index.php\/wp-json\/wp\/v2\/pages\/83\/revisions"}],"predecessor-version":[{"id":1770,"href":"https:\/\/decapage-sablage-aerogommage-poutre-meuble-27-75-76-78.com\/index.php\/wp-json\/wp\/v2\/pages\/83\/revisions\/1770"}],"wp:attachment":[{"href":"https:\/\/decapage-sablage-aerogommage-poutre-meuble-27-75-76-78.com\/index.php\/wp-json\/wp\/v2\/media?parent=83"}],"curies":[{"name":"wp","href":"https:\/\/api.w.org\/{rel}","templated":true}]}}